{"id":1229,"date":"2024-08-06T12:42:18","date_gmt":"2024-08-06T10:42:18","guid":{"rendered":"https:\/\/adverbiabcn.com\/servicios\/"},"modified":"2024-09-13T12:29:38","modified_gmt":"2024-09-13T10:29:38","slug":"servicios","status":"publish","type":"page","link":"https:\/\/adverbiabcn.com\/es\/servicios\/","title":{"rendered":"SERVICIOS"},"content":{"rendered":"\t\t<div data-elementor-type=\"wp-page\" data-elementor-id=\"1229\" class=\"elementor elementor-1229 elementor-23\" data-elementor-post-type=\"page\">\n\t\t\t\t<div class=\"elementor-element elementor-element-26cb7e6 e-con-full e-flex e-con e-parent\" data-id=\"26cb7e6\" data-element_type=\"container\" data-settings=\"{&quot;background_background&quot;:&quot;classic&quot;}\">\n\t\t\t\t<div class=\"elementor-element elementor-element-df6c6b0 elementor-widget elementor-widget-heading\" data-id=\"df6c6b0\" data-element_type=\"widget\" data-widget_type=\"heading.default\">\n\t\t\t\t<div class=\"elementor-widget-container\">\n\t\t\t<h1 class=\"elementor-heading-title elementor-size-default\">SERVICIOS<\/h1>\t\t<\/div>\n\t\t\t\t<\/div>\n\t\t\t\t<div class=\"elementor-element elementor-element-7a57265 elementor-widget__width-initial elementor-invisible elementor-widget elementor-widget-heading\" data-id=\"7a57265\" data-element_type=\"widget\" data-settings=\"{&quot;_animation&quot;:&quot;fadeInDown&quot;,&quot;_animation_delay&quot;:0.25}\" data-widget_type=\"heading.default\">\n\t\t\t\t<div class=\"elementor-widget-container\">\n\t\t\t<h2 class=\"elementor-heading-title elementor-size-default\">En las 4 \u00e1reas de conocimiento y experiencia<br \/>prestamos los siguientes servicios<\/h2>\t\t<\/div>\n\t\t\t\t<\/div>\n\t\t\t\t<\/div>\n\t\t<div class=\"elementor-element elementor-element-01cc97b e-flex e-con-boxed e-con e-parent\" data-id=\"01cc97b\" data-element_type=\"container\">\n\t\t\t\t\t<div class=\"e-con-inner\">\n\t\t<div class=\"elementor-element elementor-element-2217927 e-con-full e-flex e-con e-child\" data-id=\"2217927\" data-element_type=\"container\">\n\t\t\t\t<div class=\"elementor-element elementor-element-22c175b fonsgroc elementor-invisible elementor-widget elementor-widget-heading\" data-id=\"22c175b\" data-element_type=\"widget\" data-settings=\"{&quot;_animation&quot;:&quot;fadeInLeft&quot;,&quot;_animation_delay&quot;:0.25}\" data-widget_type=\"heading.default\">\n\t\t\t\t<div class=\"elementor-widget-container\">\n\t\t\t<h3 class=\"elementor-heading-title elementor-size-default\"><span>Consultor\u00eda estrat\u00e9gica<\/span><\/h3>\t\t<\/div>\n\t\t\t\t<\/div>\n\t\t\t\t<\/div>\n\t\t<div class=\"elementor-element elementor-element-f28535a e-con-full e-flex e-con e-child\" data-id=\"f28535a\" data-element_type=\"container\">\n\t\t\t\t<div class=\"elementor-element elementor-element-74b84a3 elementor-widget elementor-widget-text-editor\" data-id=\"74b84a3\" data-element_type=\"widget\" data-widget_type=\"text-editor.default\">\n\t\t\t\t<div class=\"elementor-widget-container\">\n\t\t\t\t\t\t\t<p><span style=\"font-weight: 600;\">Definici\u00f3n de estrategias<\/span> para la integraci\u00f3n de la sostenibilidad en organizaciones p\u00fablicas y privadas basada en est\u00e1ndares<br \/>\nnacionales e internacionalmente reconocidos (BCORP, SGE21, Agenda 2030, GRI).<\/p>\n<p>Alineamiento con<span style=\"font-weight: 600;\"> la Agenda 2030.<\/span><\/p>\n<p>Dise\u00f1o de <span style=\"font-weight: 600;\">pol\u00edticas p\u00fablicas <\/span> de fomento en la innovaci\u00f3n social.<\/p>\n<p>Dise\u00f1o de <span style=\"font-weight: 600;\">proyectos sociales.<\/span><\/p>\n<p>Definici\u00f3n de <span style=\"font-weight: 600;\">modelos de negocio de impacto.<\/span><\/p>\n\t\t\t\t\t\t<\/div>\n\t\t\t\t<\/div>\n\t\t\t\t<\/div>\n\t\t\t\t\t<\/div>\n\t\t\t\t<\/div>\n\t\t<div class=\"elementor-element elementor-element-af4f7bf e-flex e-con-boxed e-con e-parent\" data-id=\"af4f7bf\" data-element_type=\"container\">\n\t\t\t\t\t<div class=\"e-con-inner\">\n\t\t<div class=\"elementor-element elementor-element-308ca5c e-con-full e-flex e-con e-child\" data-id=\"308ca5c\" data-element_type=\"container\">\n\t\t\t\t<div class=\"elementor-element elementor-element-773cabd fonsgroc elementor-invisible elementor-widget elementor-widget-heading\" data-id=\"773cabd\" data-element_type=\"widget\" data-settings=\"{&quot;_animation&quot;:&quot;fadeInLeft&quot;,&quot;_animation_delay&quot;:0.25}\" data-widget_type=\"heading.default\">\n\t\t\t\t<div class=\"elementor-widget-container\">\n\t\t\t<h3 class=\"elementor-heading-title elementor-size-default\"><span>Acompa\u00f1amiento de proyectos con impacto social y ambiental<\/span><\/h3>\t\t<\/div>\n\t\t\t\t<\/div>\n\t\t\t\t<\/div>\n\t\t<div class=\"elementor-element elementor-element-08ac5c9 e-con-full e-flex e-con e-child\" data-id=\"08ac5c9\" data-element_type=\"container\">\n\t\t\t\t<div class=\"elementor-element elementor-element-e234e93 elementor-widget elementor-widget-text-editor\" data-id=\"e234e93\" data-element_type=\"widget\" data-widget_type=\"text-editor.default\">\n\t\t\t\t<div class=\"elementor-widget-container\">\n\t\t\t\t\t\t\t<p><span style=\"font-weight: 600;\">Apoyo a la gesti\u00f3n integral de estrategias<\/span> de sostenibilidad para empresas en los 5 \u00e1mbitos de gesti\u00f3n: gobernanza, trabajadores,<br \/>\ncomunidad, clientes y medio ambiente.<\/p>\n<p><span style=\"font-weight: 600;\">Gesti\u00f3n de proyectos de impulso<\/span> a la sostenibilidad.<\/p>\n<p><span style=\"font-weight: 600;\">Secretar\u00eda t\u00e9cnica<\/span> de proyectos con impacto social y ambiental.<\/p>\n\t\t\t\t\t\t<\/div>\n\t\t\t\t<\/div>\n\t\t\t\t<\/div>\n\t\t\t\t\t<\/div>\n\t\t\t\t<\/div>\n\t\t<div class=\"elementor-element elementor-element-b1d0dcb e-flex e-con-boxed e-con e-parent\" data-id=\"b1d0dcb\" data-element_type=\"container\">\n\t\t\t\t\t<div class=\"e-con-inner\">\n\t\t<div class=\"elementor-element elementor-element-3bcc665 e-con-full e-flex e-con e-child\" data-id=\"3bcc665\" data-element_type=\"container\">\n\t\t\t\t<div class=\"elementor-element elementor-element-0a1ae10 fonsgroc elementor-invisible elementor-widget elementor-widget-heading\" data-id=\"0a1ae10\" data-element_type=\"widget\" data-settings=\"{&quot;_animation&quot;:&quot;fadeInLeft&quot;,&quot;_animation_delay&quot;:0.25}\" data-widget_type=\"heading.default\">\n\t\t\t\t<div class=\"elementor-widget-container\">\n\t\t\t<h3 class=\"elementor-heading-title elementor-size-default\"><span>Formaci\u00f3n<\/span><\/h3>\t\t<\/div>\n\t\t\t\t<\/div>\n\t\t\t\t<\/div>\n\t\t<div class=\"elementor-element elementor-element-742b528 e-con-full e-flex e-con e-child\" data-id=\"742b528\" data-element_type=\"container\">\n\t\t\t\t<div class=\"elementor-element elementor-element-3d1e968 elementor-widget elementor-widget-text-editor\" data-id=\"3d1e968\" data-element_type=\"widget\" data-widget_type=\"text-editor.default\">\n\t\t\t\t<div class=\"elementor-widget-container\">\n\t\t\t\t\t\t\t<p><span style=\"font-weight: 600;\">Docencia<\/span> en escuelas de negocio.<\/p>\n<p><span style=\"font-weight: 600;\">Asesoramiento y formaci\u00f3n<\/span> a personas emprendedoras.<\/p>\n<p><span style=\"font-weight: 600;\">Participaci\u00f3n<\/span> en charlas, forums y mesas de debate.<\/p>\n\t\t\t\t\t\t<\/div>\n\t\t\t\t<\/div>\n\t\t\t\t<\/div>\n\t\t\t\t\t<\/div>\n\t\t\t\t<\/div>\n\t\t<div class=\"elementor-element elementor-element-cb3d04e e-con-full e-flex e-con e-parent\" data-id=\"cb3d04e\" data-element_type=\"container\" data-settings=\"{&quot;background_background&quot;:&quot;classic&quot;}\">\n\t\t\t\t<div class=\"elementor-element elementor-element-bc3e4f3 elementor-widget elementor-widget-heading\" data-id=\"bc3e4f3\" data-element_type=\"widget\" data-widget_type=\"heading.default\">\n\t\t\t\t<div class=\"elementor-widget-container\">\n\t\t\t<p class=\"elementor-heading-title elementor-size-default\">\u00bfCOMO TRABAJAMOS?<\/p>\t\t<\/div>\n\t\t\t\t<\/div>\n\t\t\t\t<div class=\"elementor-element elementor-element-a902d7b elementor-widget__width-initial elementor-invisible elementor-widget elementor-widget-heading\" data-id=\"a902d7b\" data-element_type=\"widget\" data-settings=\"{&quot;_animation&quot;:&quot;fadeInDown&quot;,&quot;_animation_delay&quot;:0.25}\" data-widget_type=\"heading.default\">\n\t\t\t\t<div class=\"elementor-widget-container\">\n\t\t\t<p class=\"elementor-heading-title elementor-size-default\"><span style=\"font-weight:600\">Metodolog\u00eda<\/span>aplicada desde hace <span style=\"font-weight:600\">m\u00e1s de 10 a\u00f1os<\/span> en el \u00e1mbito de las pol\u00edticas sociales, la innovaci\u00f3n social y la sostenibilidad.<\/p>\t\t<\/div>\n\t\t\t\t<\/div>\n\t\t\t\t<\/div>\n\t\t<div class=\"elementor-element elementor-element-9820578 e-con-full e-flex e-con e-parent\" data-id=\"9820578\" data-element_type=\"container\">\n\t\t<div class=\"elementor-element elementor-element-dee8d85 e-con-full e-flex e-con e-child\" data-id=\"dee8d85\" data-element_type=\"container\" data-settings=\"{&quot;background_background&quot;:&quot;classic&quot;}\">\n\t\t\t\t<div class=\"elementor-element elementor-element-c066487 animated-slow elementor-invisible elementor-widget elementor-widget-image\" data-id=\"c066487\" data-element_type=\"widget\" data-settings=\"{&quot;_animation&quot;:&quot;fadeIn&quot;,&quot;_animation_delay&quot;:300}\" data-widget_type=\"image.default\">\n\t\t\t\t<div class=\"elementor-widget-container\">\n\t\t\t\t\t\t\t\t\t\t\t\t\t<img decoding=\"async\" width=\"1\" height=\"1\" src=\"https:\/\/adverbiabcn.com\/wp-content\/uploads\/2024\/08\/ADVERBIA-06.svg\" class=\"attachment-full size-full wp-image-160\" alt=\"\" \/>\t\t\t\t\t\t\t\t\t\t\t\t\t<\/div>\n\t\t\t\t<\/div>\n\t\t\t\t<div class=\"elementor-element elementor-element-a8d3e58 elementor-widget elementor-widget-heading\" data-id=\"a8d3e58\" data-element_type=\"widget\" data-widget_type=\"heading.default\">\n\t\t\t\t<div class=\"elementor-widget-container\">\n\t\t\t<h3 class=\"elementor-heading-title elementor-size-default\">Relaciones de di\u00e1logo<\/h3>\t\t<\/div>\n\t\t\t\t<\/div>\n\t\t\t\t<div class=\"elementor-element elementor-element-6b4fd05 elementor-widget__width-initial elementor-widget elementor-widget-text-editor\" data-id=\"6b4fd05\" data-element_type=\"widget\" data-widget_type=\"text-editor.default\">\n\t\t\t\t<div class=\"elementor-widget-container\">\n\t\t\t\t\t\t\t<p>Generamos <b>nuevas relaciones de di\u00e1logo<\/b> que permiten a nuestros clientes transformar la manera de estar en el mercado.<\/p>\n\t\t\t\t\t\t<\/div>\n\t\t\t\t<\/div>\n\t\t\t\t<\/div>\n\t\t<div class=\"elementor-element elementor-element-3f321cf e-con-full e-flex e-con e-child\" data-id=\"3f321cf\" data-element_type=\"container\">\n\t\t\t\t<div class=\"elementor-element elementor-element-9fca7ea animated-slow elementor-invisible elementor-widget elementor-widget-image\" data-id=\"9fca7ea\" data-element_type=\"widget\" data-settings=\"{&quot;_animation&quot;:&quot;fadeIn&quot;,&quot;_animation_delay&quot;:750}\" data-widget_type=\"image.default\">\n\t\t\t\t<div class=\"elementor-widget-container\">\n\t\t\t\t\t\t\t\t\t\t\t\t\t<img decoding=\"async\" width=\"1\" height=\"1\" src=\"https:\/\/adverbiabcn.com\/wp-content\/uploads\/2024\/08\/ADVERBIA-07.svg\" class=\"attachment-full size-full wp-image-162\" alt=\"\" \/>\t\t\t\t\t\t\t\t\t\t\t\t\t<\/div>\n\t\t\t\t<\/div>\n\t\t\t\t<div class=\"elementor-element elementor-element-e0de223 elementor-widget elementor-widget-heading\" data-id=\"e0de223\" data-element_type=\"widget\" data-widget_type=\"heading.default\">\n\t\t\t\t<div class=\"elementor-widget-container\">\n\t\t\t<h3 class=\"elementor-heading-title elementor-size-default\">Transversalidad<\/h3>\t\t<\/div>\n\t\t\t\t<\/div>\n\t\t\t\t<div class=\"elementor-element elementor-element-30d0367 elementor-widget__width-initial elementor-widget elementor-widget-text-editor\" data-id=\"30d0367\" data-element_type=\"widget\" data-widget_type=\"text-editor.default\">\n\t\t\t\t<div class=\"elementor-widget-container\">\n\t\t\t\t\t\t\t<p>Transformamos la gesti\u00f3n de la sostenibilidad en compromiso transversal. <b>Integramos la sostenibilidad en todas las \u00e1reas<\/b> de la empresa y en todas las actividades y procesos.<\/p>\n\t\t\t\t\t\t<\/div>\n\t\t\t\t<\/div>\n\t\t\t\t<\/div>\n\t\t\t\t<\/div>\n\t\t<div class=\"elementor-element elementor-element-5dfaeb1 e-con-full e-flex e-con e-parent\" data-id=\"5dfaeb1\" data-element_type=\"container\">\n\t\t<div class=\"elementor-element elementor-element-4ba3a9b e-con-full e-flex e-con e-child\" data-id=\"4ba3a9b\" data-element_type=\"container\">\n\t\t\t\t<div class=\"elementor-element elementor-element-dcf3d1d animated-slow elementor-invisible elementor-widget elementor-widget-image\" data-id=\"dcf3d1d\" data-element_type=\"widget\" data-settings=\"{&quot;_animation&quot;:&quot;fadeIn&quot;,&quot;_animation_delay&quot;:300}\" data-widget_type=\"image.default\">\n\t\t\t\t<div class=\"elementor-widget-container\">\n\t\t\t\t\t\t\t\t\t\t\t\t\t<img decoding=\"async\" width=\"1\" height=\"1\" src=\"https:\/\/adverbiabcn.com\/wp-content\/uploads\/2024\/08\/ADVERBIA-09.svg\" class=\"attachment-full size-full wp-image-166\" alt=\"\" \/>\t\t\t\t\t\t\t\t\t\t\t\t\t<\/div>\n\t\t\t\t<\/div>\n\t\t\t\t<div class=\"elementor-element elementor-element-a4f72aa elementor-widget elementor-widget-heading\" data-id=\"a4f72aa\" data-element_type=\"widget\" data-widget_type=\"heading.default\">\n\t\t\t\t<div class=\"elementor-widget-container\">\n\t\t\t<h3 class=\"elementor-heading-title elementor-size-default\">Sector p\u00fablico<\/h3>\t\t<\/div>\n\t\t\t\t<\/div>\n\t\t\t\t<div class=\"elementor-element elementor-element-cf611c8 elementor-widget__width-initial elementor-widget elementor-widget-text-editor\" data-id=\"cf611c8\" data-element_type=\"widget\" data-widget_type=\"text-editor.default\">\n\t\t\t\t<div class=\"elementor-widget-container\">\n\t\t\t\t\t\t\t<p>Trabajamos tambi\u00e9n con el <b>sector p\u00fablico,<\/b> en el est\u00edmulo de su papel clave para generar respuestas para satisfacer unas necesidades sociales en constante evoluci\u00f3n.<\/p>\n\t\t\t\t\t\t<\/div>\n\t\t\t\t<\/div>\n\t\t\t\t<\/div>\n\t\t<div class=\"elementor-element elementor-element-a44cf0c e-con-full e-flex e-con e-child\" data-id=\"a44cf0c\" data-element_type=\"container\" data-settings=\"{&quot;background_background&quot;:&quot;classic&quot;}\">\n\t\t\t\t<div class=\"elementor-element elementor-element-471b3d7 animated-slow elementor-invisible elementor-widget elementor-widget-image\" data-id=\"471b3d7\" data-element_type=\"widget\" data-settings=\"{&quot;_animation&quot;:&quot;fadeIn&quot;,&quot;_animation_delay&quot;:750}\" data-widget_type=\"image.default\">\n\t\t\t\t<div class=\"elementor-widget-container\">\n\t\t\t\t\t\t\t\t\t\t\t\t\t<img loading=\"lazy\" decoding=\"async\" width=\"1\" height=\"1\" src=\"https:\/\/adverbiabcn.com\/wp-content\/uploads\/2024\/08\/ADVERBIA-08.svg\" class=\"attachment-full size-full wp-image-164\" alt=\"\" \/>\t\t\t\t\t\t\t\t\t\t\t\t\t<\/div>\n\t\t\t\t<\/div>\n\t\t\t\t<div class=\"elementor-element elementor-element-eed2001 elementor-widget elementor-widget-heading\" data-id=\"eed2001\" data-element_type=\"widget\" data-widget_type=\"heading.default\">\n\t\t\t\t<div class=\"elementor-widget-container\">\n\t\t\t<h3 class=\"elementor-heading-title elementor-size-default\">Personalizaci\u00f3n<\/h3>\t\t<\/div>\n\t\t\t\t<\/div>\n\t\t\t\t<div class=\"elementor-element elementor-element-7e4661a elementor-widget__width-initial elementor-widget elementor-widget-text-editor\" data-id=\"7e4661a\" data-element_type=\"widget\" data-widget_type=\"text-editor.default\">\n\t\t\t\t<div class=\"elementor-widget-container\">\n\t\t\t\t\t\t\t<p><b>Cada cliente es diferente.<\/b> Estudiamos la organizaci\u00f3n a fondo, planteamos retos, hablamos con las personas clave, enfocamos el posicionamiento, creamos estrategias realistas y definimos los indicadores para su monitorizaci\u00f3n.<\/p>\n\t\t\t\t\t\t<\/div>\n\t\t\t\t<\/div>\n\t\t\t\t<\/div>\n\t\t\t\t<\/div>\n\t\t\t\t<\/div>\n\t\t","protected":false},"excerpt":{"rendered":"<p>SERVICIOS En las 4 \u00e1reas de conocimiento y experienciaprestamos los siguientes servicios Consultor\u00eda estrat\u00e9gica Definici\u00f3n de estrategias para la integraci\u00f3n de la sostenibilidad en organizaciones p\u00fablicas y privadas basada en est\u00e1ndares nacionales e internacionalmente reconocidos (BCORP, SGE21, Agenda 2030, GRI). Alineamiento con la Agenda 2030. Dise\u00f1o de pol\u00edticas p\u00fablicas de fomento en la innovaci\u00f3n social. [&hellip;]<\/p>\n","protected":false},"author":1,"featured_media":0,"parent":0,"menu_order":0,"comment_status":"closed","ping_status":"closed","template":"elementor_header_footer","meta":{"inline_featured_image":false,"footnotes":""},"class_list":["post-1229","page","type-page","status-publish","hentry"],"_links":{"self":[{"href":"https:\/\/adverbiabcn.com\/es\/wp-json\/wp\/v2\/pages\/1229","targetHints":{"allow":["GET"]}}],"collection":[{"href":"https:\/\/adverbiabcn.com\/es\/wp-json\/wp\/v2\/pages"}],"about":[{"href":"https:\/\/adverbiabcn.com\/es\/wp-json\/wp\/v2\/types\/page"}],"author":[{"embeddable":true,"href":"https:\/\/adverbiabcn.com\/es\/wp-json\/wp\/v2\/users\/1"}],"replies":[{"embeddable":true,"href":"https:\/\/adverbiabcn.com\/es\/wp-json\/wp\/v2\/comments?post=1229"}],"version-history":[{"count":1,"href":"https:\/\/adverbiabcn.com\/es\/wp-json\/wp\/v2\/pages\/1229\/revisions"}],"predecessor-version":[{"id":1230,"href":"https:\/\/adverbiabcn.com\/es\/wp-json\/wp\/v2\/pages\/1229\/revisions\/1230"}],"wp:attachment":[{"href":"https:\/\/adverbiabcn.com\/es\/wp-json\/wp\/v2\/media?parent=1229"}],"curies":[{"name":"wp","href":"https:\/\/api.w.org\/{rel}","templated":true}]}}