{"id":1233,"date":"2024-08-06T12:43:21","date_gmt":"2024-08-06T10:43:21","guid":{"rendered":"https:\/\/adverbiabcn.com\/nosotras\/"},"modified":"2024-09-16T11:28:27","modified_gmt":"2024-09-16T09:28:27","slug":"nosotras","status":"publish","type":"page","link":"https:\/\/adverbiabcn.com\/es\/nosotras\/","title":{"rendered":"NOSOTRAS"},"content":{"rendered":"\t\t<div data-elementor-type=\"wp-page\" data-elementor-id=\"1233\" class=\"elementor elementor-1233 elementor-29\" data-elementor-post-type=\"page\">\n\t\t\t\t<div class=\"elementor-element elementor-element-d3cedc3 e-flex e-con-boxed e-con e-parent\" data-id=\"d3cedc3\" data-element_type=\"container\" data-settings=\"{&quot;background_background&quot;:&quot;classic&quot;}\">\n\t\t\t\t\t<div class=\"e-con-inner\">\n\t\t\t\t<div class=\"elementor-element elementor-element-734662d elementor-widget elementor-widget-heading\" data-id=\"734662d\" data-element_type=\"widget\" data-widget_type=\"heading.default\">\n\t\t\t\t<div class=\"elementor-widget-container\">\n\t\t\t<h1 class=\"elementor-heading-title elementor-size-default\">NOSOTRAS<\/h1>\t\t<\/div>\n\t\t\t\t<\/div>\n\t\t\t\t<div class=\"elementor-element elementor-element-cf2864d elementor-widget__width-initial elementor-widget elementor-widget-heading\" data-id=\"cf2864d\" data-element_type=\"widget\" data-widget_type=\"heading.default\">\n\t\t\t\t<div class=\"elementor-widget-container\">\n\t\t\t<h2 class=\"elementor-heading-title elementor-size-default\">Trabajamos en <span style=\"font-weight:600\">proyectos muy diversos<\/span>, todos ellos enfocados en transformar las organizaciones y adaptarlas a los requerimientos \u00e9ticos, sociales y ambientales del presente y del futuro.<br \/><br \/>Por este motivo, somos un <span style=\"font-weight:600\">equipo interdisciplinar<\/span> de personas colaboradoras especializadas en los principales \u00e1mbitos de la sostenibilidad. Tambi\u00e9n desarrollamos proyectos de manera colaborativa con otras organizaciones con las que compartimos valores.<\/h2>\t\t<\/div>\n\t\t\t\t<\/div>\n\t\t\t\t\t<\/div>\n\t\t\t\t<\/div>\n\t\t<div class=\"elementor-element elementor-element-f3cba69 e-flex e-con-boxed e-con e-parent\" data-id=\"f3cba69\" data-element_type=\"container\">\n\t\t\t\t\t<div class=\"e-con-inner\">\n\t\t<div class=\"elementor-element elementor-element-6b5cee3 e-con-full e-flex e-con e-child\" data-id=\"6b5cee3\" data-element_type=\"container\">\n\t\t\t\t<div class=\"elementor-element elementor-element-fc753ba animated-slow elementor-invisible elementor-widget elementor-widget-image\" data-id=\"fc753ba\" data-element_type=\"widget\" data-settings=\"{&quot;_animation&quot;:&quot;fadeIn&quot;,&quot;_animation_delay&quot;:300}\" data-widget_type=\"image.default\">\n\t\t\t\t<div class=\"elementor-widget-container\">\n\t\t\t\t\t\t\t\t\t\t\t\t\t<img fetchpriority=\"high\" decoding=\"async\" width=\"1000\" height=\"1000\" src=\"https:\/\/adverbiabcn.com\/wp-content\/uploads\/2024\/08\/marta_cals.jpg\" class=\"attachment-full size-full wp-image-507\" alt=\"\" srcset=\"https:\/\/adverbiabcn.com\/wp-content\/uploads\/2024\/08\/marta_cals.jpg 1000w, https:\/\/adverbiabcn.com\/wp-content\/uploads\/2024\/08\/marta_cals-300x300.jpg 300w, https:\/\/adverbiabcn.com\/wp-content\/uploads\/2024\/08\/marta_cals-150x150.jpg 150w, https:\/\/adverbiabcn.com\/wp-content\/uploads\/2024\/08\/marta_cals-768x768.jpg 768w\" sizes=\"(max-width: 1000px) 100vw, 1000px\" \/>\t\t\t\t\t\t\t\t\t\t\t\t\t<\/div>\n\t\t\t\t<\/div>\n\t\t\t\t<\/div>\n\t\t<div class=\"elementor-element elementor-element-eeeef0e e-con-full e-flex e-con e-child\" data-id=\"eeeef0e\" data-element_type=\"container\">\n\t\t\t\t<div class=\"elementor-element elementor-element-994ed56 fonsgroc elementor-widget elementor-widget-heading\" data-id=\"994ed56\" data-element_type=\"widget\" data-widget_type=\"heading.default\">\n\t\t\t\t<div class=\"elementor-widget-container\">\n\t\t\t<h3 class=\"elementor-heading-title elementor-size-default\"><span>Marta Cals Su\u00f1er<\/span><\/h3>\t\t<\/div>\n\t\t\t\t<\/div>\n\t\t\t\t<div class=\"elementor-element elementor-element-ae715f1 elementor-widget elementor-widget-heading\" data-id=\"ae715f1\" data-element_type=\"widget\" data-widget_type=\"heading.default\">\n\t\t\t\t<div class=\"elementor-widget-container\">\n\t\t\t<h2 class=\"elementor-heading-title elementor-size-default\">Fundadora y Directora d\u2019ADVERBIA<\/h2>\t\t<\/div>\n\t\t\t\t<\/div>\n\t\t\t\t<div class=\"elementor-element elementor-element-f900e0d elementor-widget elementor-widget-text-editor\" data-id=\"f900e0d\" data-element_type=\"widget\" data-widget_type=\"text-editor.default\">\n\t\t\t\t<div class=\"elementor-widget-container\">\n\t\t\t\t\t\t\t<p>Licenciada en Derecho, Postgraduada en Direcci\u00f3n de Empresas y especializada en Innovaci\u00f3n Social. Acreditada como consultora en cambio clim\u00e1tico por ACCI\u00d3. Trayectoria profesional en posiciones directivas en el sector p\u00fablico y privado. Experta en sostenibilidad e innovaci\u00f3n social, con 10 a\u00f1os de experiencia, ha acompa\u00f1ado a m\u00e1s de 150 organizaciones. Multiplicadora BCORP<\/p>\n\t\t\t\t\t\t<\/div>\n\t\t\t\t<\/div>\n\t\t\t\t<div class=\"elementor-element elementor-element-d170c38 e-grid-align-left elementor-shape-rounded elementor-grid-0 elementor-widget elementor-widget-social-icons\" data-id=\"d170c38\" data-element_type=\"widget\" data-widget_type=\"social-icons.default\">\n\t\t\t\t<div class=\"elementor-widget-container\">\n\t\t\t\t\t<div class=\"elementor-social-icons-wrapper elementor-grid\">\n\t\t\t\t\t\t\t<span class=\"elementor-grid-item\">\n\t\t\t\t\t<a class=\"elementor-icon elementor-social-icon elementor-social-icon-linkedin-in elementor-repeater-item-743c7e5\" href=\"https:\/\/www.linkedin.com\/in\/martacals\/\" target=\"_blank\">\n\t\t\t\t\t\t<span class=\"elementor-screen-only\">Linkedin-in<\/span>\n\t\t\t\t\t\t<svg class=\"e-font-icon-svg e-fab-linkedin-in\" viewBox=\"0 0 448 512\" xmlns=\"http:\/\/www.w3.org\/2000\/svg\"><path d=\"M100.28 448H7.4V148.9h92.88zM53.79 108.1C24.09 108.1 0 83.5 0 53.8a53.79 53.79 0 0 1 107.58 0c0 29.7-24.1 54.3-53.79 54.3zM447.9 448h-92.68V302.4c0-34.7-.7-79.2-48.29-79.2-48.29 0-55.69 37.7-55.69 76.7V448h-92.78V148.9h89.08v40.8h1.3c12.4-23.5 42.69-48.3 87.88-48.3 94 0 111.28 61.9 111.28 142.3V448z\"><\/path><\/svg>\t\t\t\t\t<\/a>\n\t\t\t\t<\/span>\n\t\t\t\t\t<\/div>\n\t\t\t\t<\/div>\n\t\t\t\t<\/div>\n\t\t\t\t<\/div>\n\t\t\t\t\t<\/div>\n\t\t\t\t<\/div>\n\t\t<div class=\"elementor-element elementor-element-3a7a6fc e-flex e-con-boxed e-con e-parent\" data-id=\"3a7a6fc\" data-element_type=\"container\">\n\t\t\t\t\t<div class=\"e-con-inner\">\n\t\t<div class=\"elementor-element elementor-element-fb52c8d e-con-full e-flex e-con e-child\" data-id=\"fb52c8d\" data-element_type=\"container\">\n\t\t\t\t<div class=\"elementor-element elementor-element-d8b055a fonsgroc elementor-widget elementor-widget-heading\" data-id=\"d8b055a\" data-element_type=\"widget\" data-widget_type=\"heading.default\">\n\t\t\t\t<div class=\"elementor-widget-container\">\n\t\t\t<h3 class=\"elementor-heading-title elementor-size-default\"><span>N\u00faria Tintor\u00e9 Lloret<\/span><\/h3>\t\t<\/div>\n\t\t\t\t<\/div>\n\t\t\t\t<div class=\"elementor-element elementor-element-dcd821f elementor-widget elementor-widget-heading\" data-id=\"dcd821f\" data-element_type=\"widget\" data-widget_type=\"heading.default\">\n\t\t\t\t<div class=\"elementor-widget-container\">\n\t\t\t<h2 class=\"elementor-heading-title elementor-size-default\">Consultora senior <\/h2>\t\t<\/div>\n\t\t\t\t<\/div>\n\t\t\t\t<div class=\"elementor-element elementor-element-18c93e3 elementor-widget elementor-widget-text-editor\" data-id=\"18c93e3\" data-element_type=\"widget\" data-widget_type=\"text-editor.default\">\n\t\t\t\t<div class=\"elementor-widget-container\">\n\t\t\t\t\t\t\t<p>Graduada en Estudios de Asia Oriental y M\u00e1ster en Estudios de G\u00e9nero, con amplia experiencia como experta en g\u00e9nero y equidad social. Ha desarrollado numerosos proyectos integrales con perspectiva de g\u00e9nero para organizaciones p\u00fablicas y privadas. Cuenta con una s\u00f3lida trayectoria como consultora en el desarrollo de proyectos de sostenibilidad y en la implementaci\u00f3n de la Agenda 2030.<\/p>\n\t\t\t\t\t\t<\/div>\n\t\t\t\t<\/div>\n\t\t\t\t<div class=\"elementor-element elementor-element-66278d4 e-grid-align-left elementor-shape-rounded elementor-grid-0 elementor-widget elementor-widget-social-icons\" data-id=\"66278d4\" data-element_type=\"widget\" data-widget_type=\"social-icons.default\">\n\t\t\t\t<div class=\"elementor-widget-container\">\n\t\t\t\t\t<div class=\"elementor-social-icons-wrapper elementor-grid\">\n\t\t\t\t\t\t\t<span class=\"elementor-grid-item\">\n\t\t\t\t\t<a class=\"elementor-icon elementor-social-icon elementor-social-icon-linkedin-in elementor-repeater-item-743c7e5\" href=\"https:\/\/www.linkedin.com\/in\/nuriatintorelloret\/\" target=\"_blank\">\n\t\t\t\t\t\t<span class=\"elementor-screen-only\">Linkedin-in<\/span>\n\t\t\t\t\t\t<svg class=\"e-font-icon-svg e-fab-linkedin-in\" viewBox=\"0 0 448 512\" xmlns=\"http:\/\/www.w3.org\/2000\/svg\"><path d=\"M100.28 448H7.4V148.9h92.88zM53.79 108.1C24.09 108.1 0 83.5 0 53.8a53.79 53.79 0 0 1 107.58 0c0 29.7-24.1 54.3-53.79 54.3zM447.9 448h-92.68V302.4c0-34.7-.7-79.2-48.29-79.2-48.29 0-55.69 37.7-55.69 76.7V448h-92.78V148.9h89.08v40.8h1.3c12.4-23.5 42.69-48.3 87.88-48.3 94 0 111.28 61.9 111.28 142.3V448z\"><\/path><\/svg>\t\t\t\t\t<\/a>\n\t\t\t\t<\/span>\n\t\t\t\t\t<\/div>\n\t\t\t\t<\/div>\n\t\t\t\t<\/div>\n\t\t\t\t<\/div>\n\t\t<div class=\"elementor-element elementor-element-649dd27 e-con-full e-flex e-con e-child\" data-id=\"649dd27\" data-element_type=\"container\">\n\t\t\t\t<div class=\"elementor-element elementor-element-f34eef5 animated-slow elementor-invisible elementor-widget elementor-widget-image\" data-id=\"f34eef5\" data-element_type=\"widget\" data-settings=\"{&quot;_animation&quot;:&quot;fadeIn&quot;,&quot;_animation_delay&quot;:300}\" data-widget_type=\"image.default\">\n\t\t\t\t<div class=\"elementor-widget-container\">\n\t\t\t\t\t\t\t\t\t\t\t\t\t<img decoding=\"async\" width=\"1000\" height=\"1000\" src=\"https:\/\/adverbiabcn.com\/wp-content\/uploads\/2024\/08\/nuria_tintore.jpg\" class=\"attachment-full size-full wp-image-519\" alt=\"\" srcset=\"https:\/\/adverbiabcn.com\/wp-content\/uploads\/2024\/08\/nuria_tintore.jpg 1000w, https:\/\/adverbiabcn.com\/wp-content\/uploads\/2024\/08\/nuria_tintore-300x300.jpg 300w, https:\/\/adverbiabcn.com\/wp-content\/uploads\/2024\/08\/nuria_tintore-150x150.jpg 150w, https:\/\/adverbiabcn.com\/wp-content\/uploads\/2024\/08\/nuria_tintore-768x768.jpg 768w\" sizes=\"(max-width: 1000px) 100vw, 1000px\" \/>\t\t\t\t\t\t\t\t\t\t\t\t\t<\/div>\n\t\t\t\t<\/div>\n\t\t\t\t<\/div>\n\t\t\t\t\t<\/div>\n\t\t\t\t<\/div>\n\t\t<div class=\"elementor-element elementor-element-a6163ae e-con-full e-flex e-con e-parent\" data-id=\"a6163ae\" data-element_type=\"container\">\n\t\t\t\t<div class=\"elementor-element elementor-element-c527e3e elementor-widget elementor-widget-heading\" data-id=\"c527e3e\" data-element_type=\"widget\" data-widget_type=\"heading.default\">\n\t\t\t\t<div class=\"elementor-widget-container\">\n\t\t\t<h3 class=\"elementor-heading-title elementor-size-default\">Formamos parte de diversos movimientos:<\/h3>\t\t<\/div>\n\t\t\t\t<\/div>\n\t\t\t\t<\/div>\n\t\t<div class=\"elementor-element elementor-element-fcea4fb e-flex e-con-boxed e-con e-parent\" data-id=\"fcea4fb\" data-element_type=\"container\">\n\t\t\t\t\t<div class=\"e-con-inner\">\n\t\t\t\t<div class=\"elementor-element elementor-element-817539a elementor-widget elementor-widget-image\" data-id=\"817539a\" data-element_type=\"widget\" data-widget_type=\"image.default\">\n\t\t\t\t<div class=\"elementor-widget-container\">\n\t\t\t\t\t\t\t\t\t\t\t\t\t<img decoding=\"async\" width=\"1\" height=\"1\" src=\"https:\/\/adverbiabcn.com\/wp-content\/uploads\/2024\/09\/Logo_Cooking.svg\" class=\"attachment-full size-full wp-image-1133\" alt=\"\" \/>\t\t\t\t\t\t\t\t\t\t\t\t\t<\/div>\n\t\t\t\t<\/div>\n\t\t\t\t<div class=\"elementor-element elementor-element-5195e03 elementor-widget elementor-widget-image\" data-id=\"5195e03\" data-element_type=\"widget\" data-widget_type=\"image.default\">\n\t\t\t\t<div class=\"elementor-widget-container\">\n\t\t\t\t\t\t\t\t\t\t\t\t\t<img loading=\"lazy\" decoding=\"async\" width=\"1920\" height=\"310\" src=\"https:\/\/adverbiabcn.com\/wp-content\/uploads\/2024\/08\/Logo_MultiplicadoresB_black_hd.png\" class=\"attachment-full size-full wp-image-530\" alt=\"\" srcset=\"https:\/\/adverbiabcn.com\/wp-content\/uploads\/2024\/08\/Logo_MultiplicadoresB_black_hd.png 1920w, https:\/\/adverbiabcn.com\/wp-content\/uploads\/2024\/08\/Logo_MultiplicadoresB_black_hd-300x48.png 300w, https:\/\/adverbiabcn.com\/wp-content\/uploads\/2024\/08\/Logo_MultiplicadoresB_black_hd-1024x165.png 1024w, https:\/\/adverbiabcn.com\/wp-content\/uploads\/2024\/08\/Logo_MultiplicadoresB_black_hd-768x124.png 768w, https:\/\/adverbiabcn.com\/wp-content\/uploads\/2024\/08\/Logo_MultiplicadoresB_black_hd-1536x248.png 1536w\" sizes=\"(max-width: 1920px) 100vw, 1920px\" \/>\t\t\t\t\t\t\t\t\t\t\t\t\t<\/div>\n\t\t\t\t<\/div>\n\t\t\t\t<div class=\"elementor-element elementor-element-ecf7f3f elementor-widget elementor-widget-image\" data-id=\"ecf7f3f\" data-element_type=\"widget\" data-widget_type=\"image.default\">\n\t\t\t\t<div class=\"elementor-widget-container\">\n\t\t\t\t\t\t\t\t\t\t\t\t\t<img loading=\"lazy\" decoding=\"async\" width=\"956\" height=\"558\" src=\"https:\/\/adverbiabcn.com\/wp-content\/uploads\/2024\/08\/segell-acreditacions-persones-assessores-horitzontal-copia.png\" class=\"attachment-full size-full wp-image-536\" alt=\"\" srcset=\"https:\/\/adverbiabcn.com\/wp-content\/uploads\/2024\/08\/segell-acreditacions-persones-assessores-horitzontal-copia.png 956w, https:\/\/adverbiabcn.com\/wp-content\/uploads\/2024\/08\/segell-acreditacions-persones-assessores-horitzontal-copia-300x175.png 300w, https:\/\/adverbiabcn.com\/wp-content\/uploads\/2024\/08\/segell-acreditacions-persones-assessores-horitzontal-copia-768x448.png 768w\" sizes=\"(max-width: 956px) 100vw, 956px\" \/>\t\t\t\t\t\t\t\t\t\t\t\t\t<\/div>\n\t\t\t\t<\/div>\n\t\t\t\t\t<\/div>\n\t\t\t\t<\/div>\n\t\t<div class=\"elementor-element elementor-element-1f1619a e-flex e-con-boxed e-con e-parent\" data-id=\"1f1619a\" data-element_type=\"container\">\n\t\t\t\t\t<div class=\"e-con-inner\">\n\t\t\t\t<div class=\"elementor-element elementor-element-9be218f elementor-widget elementor-widget-heading\" data-id=\"9be218f\" data-element_type=\"widget\" data-widget_type=\"heading.default\">\n\t\t\t\t<div class=\"elementor-widget-container\">\n\t\t\t<h3 class=\"elementor-heading-title elementor-size-default\">Colaboramos con:<\/h3>\t\t<\/div>\n\t\t\t\t<\/div>\n\t\t<div class=\"elementor-element elementor-element-60b2c9d e-con-full e-flex e-con e-child\" data-id=\"60b2c9d\" data-element_type=\"container\">\n\t\t\t\t<div class=\"elementor-element elementor-element-f39ab67 elementor-widget elementor-widget-image\" data-id=\"f39ab67\" data-element_type=\"widget\" data-widget_type=\"image.default\">\n\t\t\t\t<div class=\"elementor-widget-container\">\n\t\t\t\t\t\t\t\t\t\t\t\t\t<img loading=\"lazy\" decoding=\"async\" width=\"656\" height=\"667\" src=\"https:\/\/adverbiabcn.com\/wp-content\/uploads\/2024\/08\/Open-Arms.jpg\" class=\"attachment-full size-full wp-image-532\" alt=\"\" srcset=\"https:\/\/adverbiabcn.com\/wp-content\/uploads\/2024\/08\/Open-Arms.jpg 656w, https:\/\/adverbiabcn.com\/wp-content\/uploads\/2024\/08\/Open-Arms-295x300.jpg 295w\" sizes=\"(max-width: 656px) 100vw, 656px\" \/>\t\t\t\t\t\t\t\t\t\t\t\t\t<\/div>\n\t\t\t\t<\/div>\n\t\t\t\t<div class=\"elementor-element elementor-element-d0f59ac elementor-widget elementor-widget-image\" data-id=\"d0f59ac\" data-element_type=\"widget\" data-widget_type=\"image.default\">\n\t\t\t\t<div class=\"elementor-widget-container\">\n\t\t\t\t\t\t\t\t\t\t\t\t\t<img loading=\"lazy\" decoding=\"async\" width=\"231\" height=\"200\" src=\"https:\/\/adverbiabcn.com\/wp-content\/uploads\/2024\/08\/Pallassos-Sense-Fronteres.jpg\" class=\"attachment-full size-full wp-image-534\" alt=\"\" \/>\t\t\t\t\t\t\t\t\t\t\t\t\t<\/div>\n\t\t\t\t<\/div>\n\t\t\t\t<div class=\"elementor-element elementor-element-8d69aff elementor-widget elementor-widget-image\" data-id=\"8d69aff\" data-element_type=\"widget\" data-widget_type=\"image.default\">\n\t\t\t\t<div class=\"elementor-widget-container\">\n\t\t\t\t\t\t\t\t\t\t\t\t\t<img loading=\"lazy\" decoding=\"async\" width=\"159\" height=\"300\" src=\"https:\/\/adverbiabcn.com\/wp-content\/uploads\/2024\/08\/Amnisitia-Internacional.png\" class=\"attachment-full size-full wp-image-528\" alt=\"\" \/>\t\t\t\t\t\t\t\t\t\t\t\t\t<\/div>\n\t\t\t\t<\/div>\n\t\t\t\t<\/div>\n\t\t\t\t\t<\/div>\n\t\t\t\t<\/div>\n\t\t\t\t<\/div>\n\t\t","protected":false},"excerpt":{"rendered":"<p>NOSOTRAS Trabajamos en proyectos muy diversos, todos ellos enfocados en transformar las organizaciones y adaptarlas a los requerimientos \u00e9ticos, sociales y ambientales del presente y del futuro. Por este motivo, somos un equipo interdisciplinar de personas colaboradoras especializadas en los principales \u00e1mbitos de la sostenibilidad. Tambi\u00e9n desarrollamos proyectos de manera colaborativa con otras organizaciones con [&hellip;]<\/p>\n","protected":false},"author":1,"featured_media":0,"parent":0,"menu_order":0,"comment_status":"closed","ping_status":"closed","template":"elementor_header_footer","meta":{"inline_featured_image":false,"footnotes":""},"class_list":["post-1233","page","type-page","status-publish","hentry"],"_links":{"self":[{"href":"https:\/\/adverbiabcn.com\/es\/wp-json\/wp\/v2\/pages\/1233","targetHints":{"allow":["GET"]}}],"collection":[{"href":"https:\/\/adverbiabcn.com\/es\/wp-json\/wp\/v2\/pages"}],"about":[{"href":"https:\/\/adverbiabcn.com\/es\/wp-json\/wp\/v2\/types\/page"}],"author":[{"embeddable":true,"href":"https:\/\/adverbiabcn.com\/es\/wp-json\/wp\/v2\/users\/1"}],"replies":[{"embeddable":true,"href":"https:\/\/adverbiabcn.com\/es\/wp-json\/wp\/v2\/comments?post=1233"}],"version-history":[{"count":1,"href":"https:\/\/adverbiabcn.com\/es\/wp-json\/wp\/v2\/pages\/1233\/revisions"}],"predecessor-version":[{"id":1234,"href":"https:\/\/adverbiabcn.com\/es\/wp-json\/wp\/v2\/pages\/1233\/revisions\/1234"}],"wp:attachment":[{"href":"https:\/\/adverbiabcn.com\/es\/wp-json\/wp\/v2\/media?parent=1233"}],"curies":[{"name":"wp","href":"https:\/\/api.w.org\/{rel}","templated":true}]}}